{"id":66,"date":"2021-05-20T09:28:13","date_gmt":"2021-05-20T09:28:13","guid":{"rendered":"https:\/\/www.tecnocoopcs.it\/?page_id=66"},"modified":"2021-07-30T06:53:35","modified_gmt":"2021-07-30T06:53:35","slug":"le-nostre-attivita","status":"publish","type":"page","link":"https:\/\/www.sesag.it\/index.php\/le-nostre-attivita\/","title":{"rendered":"Attivit\u00e0"},"content":{"rendered":"\n<h2 class=\"has-text-align-center\"><strong><em><strong><em>ASSISTENZA SOCIO-SANITARIA<\/em><\/strong><\/em><\/strong><\/h2>\n\n\n\n<div class=\"wp-block-image\"><figure class=\"aligncenter size-full\"><img loading=\"lazy\" width=\"360\" height=\"225\" src=\"https:\/\/www.sesag.it\/wp-content\/uploads\/2021\/07\/attivita.png\" alt=\"\" class=\"wp-image-181\" srcset=\"https:\/\/www.sesag.it\/wp-content\/uploads\/2021\/07\/attivita.png 360w, https:\/\/www.sesag.it\/wp-content\/uploads\/2021\/07\/attivita-300x188.png 300w, https:\/\/www.sesag.it\/wp-content\/uploads\/2021\/07\/attivita-96x60.png 96w\" sizes=\"(max-width: 360px) 100vw, 360px\" \/><\/figure><\/div>\n\n\n\n<p>In generale la SESAG pu\u00f2 svolgere le seguenti attivit\u00e0:<\/p>\n\n\n\n<ul><li>Realizzazione di attivit\u00e0 sociali, socio-sanitarie, e sanitarie, con la fornitura di servizi anche a strutture terze sia pubbliche che private,<\/li><li>Promozione di iniziative di sensibilizzazione, informazione e formazione sulla fruizione dei servizi offerti alla collettivit\u00e0 da soggetti pubblici e privati sui temi della salute e della qualit\u00e0 della vita,<\/li><li>Erogazione di servizi sociali, socio-sanitari e sanitari a privati, imprese e non, ed in particolare ad enti pubblici, quali Comuni, Province, regioni, Aziende Sanitarie, Comunit\u00e0 Montane, Consorzi ed Unioni dei Comuni, ecc. La Cooperativa pu\u00f2 svolgere ogni tipo di servizio sociale, socio-sanitario e sanitario, anche domiciliare, che, se previsto, sia realizzato con personale medico e paramedico. Pu\u00f2 svolgere inoltre i seguenti servizi connessi a quelli sanitari quali trasporto disabili, facchinaggio ospedaliero (come barellieri, portavivande\u2026), lavanderia, mensa ed ogni tipo di servizio connesso alla gestione di presidi sanitari, socio-sanitari e\/o sociali che leggi speciali non riservino ad altro modelli di operativit\u00e0.<\/li><\/ul>\n\n\n\n<p>In particolare ad oggi l\u2019attivit\u00e0 prevalente della SESAG \u00e8 la fornitura di servizi sanitari e socio-sanitari a privati. Nello specifico, attraverso contratti di appalto con strutture sanitarie private sia molisane che campane, svolge attivit\u00e0 sanitarie a mezzo di infermieri, tecnici di laboratorio e fisioterapisti, nonch\u00e9 attivit\u00e0 socio sanitarie e attivit\u00e0 connesse alle precedenti.<\/p>\n","protected":false},"excerpt":{"rendered":"<p>ASSISTENZA SOCIO-SANITARIA In generale la SESAG pu\u00f2 svolgere le seguenti attivit\u00e0: Realizzazione di attivit\u00e0 sociali, socio-sanitarie, e sanitarie, con la fornitura di servizi anche a &hellip; <\/p>\n","protected":false},"author":1,"featured_media":0,"parent":0,"menu_order":0,"comment_status":"closed","ping_status":"closed","template":"","meta":[],"_links":{"self":[{"href":"https:\/\/www.sesag.it\/index.php\/wp-json\/wp\/v2\/pages\/66"}],"collection":[{"href":"https:\/\/www.sesag.it\/index.php\/wp-json\/wp\/v2\/pages"}],"about":[{"href":"https:\/\/www.sesag.it\/index.php\/wp-json\/wp\/v2\/types\/page"}],"author":[{"embeddable":true,"href":"https:\/\/www.sesag.it\/index.php\/wp-json\/wp\/v2\/users\/1"}],"replies":[{"embeddable":true,"href":"https:\/\/www.sesag.it\/index.php\/wp-json\/wp\/v2\/comments?post=66"}],"version-history":[{"count":13,"href":"https:\/\/www.sesag.it\/index.php\/wp-json\/wp\/v2\/pages\/66\/revisions"}],"predecessor-version":[{"id":183,"href":"https:\/\/www.sesag.it\/index.php\/wp-json\/wp\/v2\/pages\/66\/revisions\/183"}],"wp:attachment":[{"href":"https:\/\/www.sesag.it\/index.php\/wp-json\/wp\/v2\/media?parent=66"}],"curies":[{"name":"wp","href":"https:\/\/api.w.org\/{rel}","templated":true}]}}